{"id":423,"date":"2025-06-05T08:43:23","date_gmt":"2025-06-05T08:43:23","guid":{"rendered":"https:\/\/cynweb.erp-portal.vn\/?post_type=product&#038;p=423"},"modified":"2025-06-05T08:43:24","modified_gmt":"2025-06-05T08:43:24","slug":"van","status":"publish","type":"product","link":"https:\/\/cynchemical.com\/?product=van","title":{"rendered":"Van"},"content":{"rendered":"<ul>\n<li>Van s\u0103m xe \u0111\u1ea1p, xe m\u00e1y, \u00f4t\u00f4, xe t\u1ea3i<\/li>\n<li>\u0110a d\u1ea1ng l\u1ef1a ch\u1ecdn v\u1ec1 k\u00edch th\u01b0\u1edbc, c\u1ea5u tr\u00fac, v\u00e0 thi\u1ebft k\u1ebf theo y\u00eau c\u1ea7u c\u1ee7a kh\u00e1ch h\u00e0ng<\/li>\n<li>\u0110\u1ebf cao su thi\u00ean nhi\u00ean v\u00e0 cao su butyl<\/li>\n<li>\u00c1p d\u1ee5ng c\u00f4ng ngh\u1ec7 ph\u1ee7 nano l\u00ean th\u00e2n van tr\u01b0\u1edbc khi l\u01b0u ho\u00e1 \u0111\u1ec3 \u0111\u1ea1t \u0111\u01b0\u1ee3c s\u1ee9c d\u00ednh, c\u01b0\u1eddng l\u1ef1c, \u0111\u1ed9 \u1ed5n \u0111\u1ecbnh, &#8230; v\u01b0\u1ee3t tr\u1ed9i<\/li>\n<li>Xu\u1ea5t x\u1ee9: Trung Qu\u1ed1c<\/li>\n<\/ul>\n","protected":false},"excerpt":{"rendered":"<p>Van s\u0103m xe \u0111\u1ea1p, xe m\u00e1y, \u00f4t\u00f4, xe t\u1ea3i \u0110a d\u1ea1ng l\u1ef1a ch\u1ecdn v\u1ec1 k\u00edch th\u01b0\u1edbc, c\u1ea5u tr\u00fac, v\u00e0 thi\u1ebft k\u1ebf theo y\u00eau c\u1ea7u c\u1ee7a kh\u00e1ch h\u00e0ng \u0110\u1ebf cao su thi\u00ean nhi\u00ean v\u00e0 cao su butyl \u00c1p d\u1ee5ng c\u00f4ng ngh\u1ec7 ph\u1ee7 nano l\u00ean th\u00e2n van tr\u01b0\u1edbc khi l\u01b0u ho\u00e1 \u0111\u1ec3&hellip; <\/p>\n","protected":false},"featured_media":424,"comment_status":"open","ping_status":"closed","template":"","meta":[],"product_brand":[],"product_cat":[41],"product_tag":[],"class_list":{"0":"post-423","1":"product","2":"type-product","3":"status-publish","4":"has-post-thumbnail","6":"product_cat-vat-lieu-khac","8":"first","9":"instock","10":"shipping-taxable","11":"product-type-simple"},"_links":{"self":[{"href":"https:\/\/cynchemical.com\/index.php?rest_route=\/wp\/v2\/product\/423","targetHints":{"allow":["GET"]}}],"collection":[{"href":"https:\/\/cynchemical.com\/index.php?rest_route=\/wp\/v2\/product"}],"about":[{"href":"https:\/\/cynchemical.com\/index.php?rest_route=\/wp\/v2\/types\/product"}],"replies":[{"embeddable":true,"href":"https:\/\/cynchemical.com\/index.php?rest_route=%2Fwp%2Fv2%2Fcomments&post=423"}],"wp:featuredmedia":[{"embeddable":true,"href":"https:\/\/cynchemical.com\/index.php?rest_route=\/wp\/v2\/media\/424"}],"wp:attachment":[{"href":"https:\/\/cynchemical.com\/index.php?rest_route=%2Fwp%2Fv2%2Fmedia&parent=423"}],"wp:term":[{"taxonomy":"product_brand","embeddable":true,"href":"https:\/\/cynchemical.com\/index.php?rest_route=%2Fwp%2Fv2%2Fproduct_brand&post=423"},{"taxonomy":"product_cat","embeddable":true,"href":"https:\/\/cynchemical.com\/index.php?rest_route=%2Fwp%2Fv2%2Fproduct_cat&post=423"},{"taxonomy":"product_tag","embeddable":true,"href":"https:\/\/cynchemical.com\/index.php?rest_route=%2Fwp%2Fv2%2Fproduct_tag&post=423"}],"curies":[{"name":"wp","href":"https:\/\/api.w.org\/{rel}","templated":true}]}}