{"id":421,"date":"2025-06-05T08:40:52","date_gmt":"2025-06-05T08:40:52","guid":{"rendered":"https:\/\/cynweb.erp-portal.vn\/?post_type=product&#038;p=421"},"modified":"2025-06-05T08:40:53","modified_gmt":"2025-06-05T08:40:53","slug":"vong-tanh","status":"publish","type":"product","link":"https:\/\/cynchemical.com\/?product=vong-tanh","title":{"rendered":"V\u00f2ng tanh"},"content":{"rendered":"<ul>\n<li>D\u1ea1ng xo\u1eafn ho\u1eb7c b\u1ec7n \u0111\u01a1n\/\u0111a s\u1ee3i<\/li>\n<li>Ph\u1ee7 \u0111\u1ed3ng (bronze) \u0111\u1ec3 t\u0103ng s\u1ee9c d\u00ednh v\u1edbi cao su<\/li>\n<li>C\u1ed1 \u0111\u1ecbnh l\u1ed1p v\u00e0o v\u00e0nh xe, \u0111\u1ea3m b\u1ea3o \u0111\u1ed9 k\u00edn kh\u00ed<\/li>\n<li>Xu\u1ea5t x\u1ee9: Th\u00e1i Lan, Trung Qu\u1ed1c<\/li>\n<\/ul>\n","protected":false},"excerpt":{"rendered":"<p>D\u1ea1ng xo\u1eafn ho\u1eb7c b\u1ec7n \u0111\u01a1n\/\u0111a s\u1ee3i Ph\u1ee7 \u0111\u1ed3ng (bronze) \u0111\u1ec3 t\u0103ng s\u1ee9c d\u00ednh v\u1edbi cao su C\u1ed1 \u0111\u1ecbnh l\u1ed1p v\u00e0o v\u00e0nh xe, \u0111\u1ea3m b\u1ea3o \u0111\u1ed9 k\u00edn kh\u00ed Xu\u1ea5t x\u1ee9: Th\u00e1i Lan, Trung Qu\u1ed1c<\/p>\n","protected":false},"featured_media":422,"comment_status":"open","ping_status":"closed","template":"","meta":[],"product_brand":[],"product_cat":[41],"product_tag":[],"class_list":{"0":"post-421","1":"product","2":"type-product","3":"status-publish","4":"has-post-thumbnail","6":"product_cat-vat-lieu-khac","8":"first","9":"instock","10":"shipping-taxable","11":"product-type-simple"},"_links":{"self":[{"href":"https:\/\/cynchemical.com\/index.php?rest_route=\/wp\/v2\/product\/421","targetHints":{"allow":["GET"]}}],"collection":[{"href":"https:\/\/cynchemical.com\/index.php?rest_route=\/wp\/v2\/product"}],"about":[{"href":"https:\/\/cynchemical.com\/index.php?rest_route=\/wp\/v2\/types\/product"}],"replies":[{"embeddable":true,"href":"https:\/\/cynchemical.com\/index.php?rest_route=%2Fwp%2Fv2%2Fcomments&post=421"}],"wp:featuredmedia":[{"embeddable":true,"href":"https:\/\/cynchemical.com\/index.php?rest_route=\/wp\/v2\/media\/422"}],"wp:attachment":[{"href":"https:\/\/cynchemical.com\/index.php?rest_route=%2Fwp%2Fv2%2Fmedia&parent=421"}],"wp:term":[{"taxonomy":"product_brand","embeddable":true,"href":"https:\/\/cynchemical.com\/index.php?rest_route=%2Fwp%2Fv2%2Fproduct_brand&post=421"},{"taxonomy":"product_cat","embeddable":true,"href":"https:\/\/cynchemical.com\/index.php?rest_route=%2Fwp%2Fv2%2Fproduct_cat&post=421"},{"taxonomy":"product_tag","embeddable":true,"href":"https:\/\/cynchemical.com\/index.php?rest_route=%2Fwp%2Fv2%2Fproduct_tag&post=421"}],"curies":[{"name":"wp","href":"https:\/\/api.w.org\/{rel}","templated":true}]}}