{"id":412,"date":"2025-06-05T08:29:47","date_gmt":"2025-06-05T08:29:47","guid":{"rendered":"https:\/\/cynweb.erp-portal.vn\/?post_type=product&#038;p=412"},"modified":"2025-06-05T08:30:16","modified_gmt":"2025-06-05T08:30:16","slug":"chat-cach-li-btp","status":"publish","type":"product","link":"https:\/\/cynchemical.com\/?product=chat-cach-li-btp","title":{"rendered":"Ch\u1ea5t c\u00e1ch li BTP"},"content":{"rendered":"<ul>\n<li>D\u1ea1ng b\u1ed9t v\u00e0 d\u1ea1ng kem (\u0111\u00e3 pha s\u1eb5n)<\/li>\n<li>T\u1ea1o l\u1edbp m\u00e0ng ch\u1ed1ng d\u00ednh hi\u1ec7u qu\u1ea3 gi\u1eefa c\u00e1c l\u1edbp cao su x\u1ebfp ch\u1ed3ng l\u00ean nhau<\/li>\n<li>Kh\u00f4ng \u1ea3nh h\u01b0\u1edfng \u0111\u1ebfn c\u00e1c qu\u00e1 tr\u00ecnh gia c\u00f4ng c\u0169ng nh\u01b0 t\u00ednh n\u0103ng c\u01a1 l\u00fd c\u1ee7a b\u00e1n th\u00e0nh ph\u1ea9m, th\u00e0nh ph\u1ea9m<\/li>\n<li>Xu\u1ea5t x\u1ee9: Trung Qu\u1ed1c, \u0110\u1ee9c<\/li>\n<\/ul>\n","protected":false},"excerpt":{"rendered":"<p>D\u1ea1ng b\u1ed9t v\u00e0 d\u1ea1ng kem (\u0111\u00e3 pha s\u1eb5n) T\u1ea1o l\u1edbp m\u00e0ng ch\u1ed1ng d\u00ednh hi\u1ec7u qu\u1ea3 gi\u1eefa c\u00e1c l\u1edbp cao su x\u1ebfp ch\u1ed3ng l\u00ean nhau Kh\u00f4ng \u1ea3nh h\u01b0\u1edfng \u0111\u1ebfn c\u00e1c qu\u00e1 tr\u00ecnh gia c\u00f4ng c\u0169ng nh\u01b0 t\u00ednh n\u0103ng c\u01a1 l\u00fd c\u1ee7a b\u00e1n th\u00e0nh ph\u1ea9m, th\u00e0nh ph\u1ea9m Xu\u1ea5t x\u1ee9: Trung Qu\u1ed1c, \u0110\u1ee9c<\/p>\n","protected":false},"featured_media":413,"comment_status":"open","ping_status":"closed","template":"","meta":[],"product_brand":[],"product_cat":[40],"product_tag":[],"class_list":{"0":"post-412","1":"product","2":"type-product","3":"status-publish","4":"has-post-thumbnail","6":"product_cat-hoa-chat-khac","8":"first","9":"instock","10":"shipping-taxable","11":"product-type-simple"},"_links":{"self":[{"href":"https:\/\/cynchemical.com\/index.php?rest_route=\/wp\/v2\/product\/412","targetHints":{"allow":["GET"]}}],"collection":[{"href":"https:\/\/cynchemical.com\/index.php?rest_route=\/wp\/v2\/product"}],"about":[{"href":"https:\/\/cynchemical.com\/index.php?rest_route=\/wp\/v2\/types\/product"}],"replies":[{"embeddable":true,"href":"https:\/\/cynchemical.com\/index.php?rest_route=%2Fwp%2Fv2%2Fcomments&post=412"}],"wp:featuredmedia":[{"embeddable":true,"href":"https:\/\/cynchemical.com\/index.php?rest_route=\/wp\/v2\/media\/413"}],"wp:attachment":[{"href":"https:\/\/cynchemical.com\/index.php?rest_route=%2Fwp%2Fv2%2Fmedia&parent=412"}],"wp:term":[{"taxonomy":"product_brand","embeddable":true,"href":"https:\/\/cynchemical.com\/index.php?rest_route=%2Fwp%2Fv2%2Fproduct_brand&post=412"},{"taxonomy":"product_cat","embeddable":true,"href":"https:\/\/cynchemical.com\/index.php?rest_route=%2Fwp%2Fv2%2Fproduct_cat&post=412"},{"taxonomy":"product_tag","embeddable":true,"href":"https:\/\/cynchemical.com\/index.php?rest_route=%2Fwp%2Fv2%2Fproduct_tag&post=412"}],"curies":[{"name":"wp","href":"https:\/\/api.w.org\/{rel}","templated":true}]}}