{"id":405,"date":"2025-06-05T08:08:44","date_gmt":"2025-06-05T08:08:44","guid":{"rendered":"https:\/\/cynweb.erp-portal.vn\/?post_type=product&#038;p=405"},"modified":"2025-06-05T08:28:18","modified_gmt":"2025-06-05T08:28:18","slug":"ctp-pvi","status":"publish","type":"product","link":"https:\/\/cynchemical.com\/?product=ctp-pvi","title":{"rendered":"CTP (PVI)"},"content":{"rendered":"<ul>\n<li>K\u00e9o d\u00e0i \u0111i\u1ec3m scorch ch\u1ec9 v\u1edbi l\u01b0\u1ee3ng d\u00f9ng r\u1ea5t nh\u1ecf, \u0111\u1ea3m b\u1ea3o an to\u00e0n cho qu\u00e1 tr\u00ecnh gia c\u00f4ng<\/li>\n<li>Th\u01b0\u1eddng \u0111\u01b0\u1ee3c s\u1eed d\u1ee5ng trong h\u1ec7 l\u01b0u ho\u00e1 v\u1edbi x\u00fac ti\u1ebfn sulfenamides ho\u1eb7c thiazoles<\/li>\n<li>Xu\u1ea5t x\u1ee9: Trung Qu\u1ed1c<\/li>\n<\/ul>\n","protected":false},"excerpt":{"rendered":"<p><strong>N-cyclohexylthiophthalimide<\/strong><\/p>\n<p>&nbsp;<\/p>\n","protected":false},"featured_media":406,"comment_status":"open","ping_status":"closed","template":"","meta":[],"product_brand":[],"product_cat":[47],"product_tag":[],"class_list":{"0":"post-405","1":"product","2":"type-product","3":"status-publish","4":"has-post-thumbnail","6":"product_cat-chat-hoan-luu","8":"first","9":"instock","10":"shipping-taxable","11":"product-type-simple"},"_links":{"self":[{"href":"https:\/\/cynchemical.com\/index.php?rest_route=\/wp\/v2\/product\/405","targetHints":{"allow":["GET"]}}],"collection":[{"href":"https:\/\/cynchemical.com\/index.php?rest_route=\/wp\/v2\/product"}],"about":[{"href":"https:\/\/cynchemical.com\/index.php?rest_route=\/wp\/v2\/types\/product"}],"replies":[{"embeddable":true,"href":"https:\/\/cynchemical.com\/index.php?rest_route=%2Fwp%2Fv2%2Fcomments&post=405"}],"wp:featuredmedia":[{"embeddable":true,"href":"https:\/\/cynchemical.com\/index.php?rest_route=\/wp\/v2\/media\/406"}],"wp:attachment":[{"href":"https:\/\/cynchemical.com\/index.php?rest_route=%2Fwp%2Fv2%2Fmedia&parent=405"}],"wp:term":[{"taxonomy":"product_brand","embeddable":true,"href":"https:\/\/cynchemical.com\/index.php?rest_route=%2Fwp%2Fv2%2Fproduct_brand&post=405"},{"taxonomy":"product_cat","embeddable":true,"href":"https:\/\/cynchemical.com\/index.php?rest_route=%2Fwp%2Fv2%2Fproduct_cat&post=405"},{"taxonomy":"product_tag","embeddable":true,"href":"https:\/\/cynchemical.com\/index.php?rest_route=%2Fwp%2Fv2%2Fproduct_tag&post=405"}],"curies":[{"name":"wp","href":"https:\/\/api.w.org\/{rel}","templated":true}]}}