{"id":395,"date":"2025-06-05T07:55:24","date_gmt":"2025-06-05T07:55:24","guid":{"rendered":"https:\/\/cynweb.erp-portal.vn\/?post_type=product&#038;p=395"},"modified":"2025-06-05T07:59:09","modified_gmt":"2025-06-05T07:59:09","slug":"luu-huynh-khong-tan","status":"publish","type":"product","link":"https:\/\/cynchemical.com\/?product=luu-huynh-khong-tan","title":{"rendered":"L\u01b0u hu\u1ef3nh kh\u00f4ng tan"},"content":{"rendered":"<ul>\n<li>\u0110a d\u1ea1ng l\u1ef1a ch\u1ecdn v\u1ec1 h\u00e0m l\u01b0\u1ee3ng l\u01b0u hu\u1ef3nh kh\u00f4ng tan (80%, 60%, &#8230;)<\/li>\n<li>Kh\u00f4ng tan trong cao su, gi\u00fap gi\u1ea3m thi\u1ec3u hi\u1ec7n t\u01b0\u1ee3ng phun l\u01b0u hu\u1ef3nh, t\u1eeb \u0111\u00f3 t\u0103ng tu\u1ed5i th\u1ecd s\u1ea3n ph\u1ea9m, \u0111\u1ea3m b\u1ea3o s\u1ee9c d\u00ednh cho b\u1ec1 m\u1eb7t cao su<\/li>\n<li>Xu\u1ea5t x\u1ee9: Trung Qu\u1ed1c<\/li>\n<\/ul>\n","protected":false},"excerpt":{"rendered":"<p><strong>D\u1ea1ng l\u01b0u hu\u1ef3nh kh\u00f4ng tan trong cao su<\/strong><\/p>\n","protected":false},"featured_media":396,"comment_status":"open","ping_status":"closed","template":"","meta":[],"product_brand":[],"product_cat":[38],"product_tag":[],"class_list":{"0":"post-395","1":"product","2":"type-product","3":"status-publish","4":"has-post-thumbnail","6":"product_cat-chat-luu-hoa","8":"first","9":"instock","10":"shipping-taxable","11":"product-type-simple"},"_links":{"self":[{"href":"https:\/\/cynchemical.com\/index.php?rest_route=\/wp\/v2\/product\/395","targetHints":{"allow":["GET"]}}],"collection":[{"href":"https:\/\/cynchemical.com\/index.php?rest_route=\/wp\/v2\/product"}],"about":[{"href":"https:\/\/cynchemical.com\/index.php?rest_route=\/wp\/v2\/types\/product"}],"replies":[{"embeddable":true,"href":"https:\/\/cynchemical.com\/index.php?rest_route=%2Fwp%2Fv2%2Fcomments&post=395"}],"wp:featuredmedia":[{"embeddable":true,"href":"https:\/\/cynchemical.com\/index.php?rest_route=\/wp\/v2\/media\/396"}],"wp:attachment":[{"href":"https:\/\/cynchemical.com\/index.php?rest_route=%2Fwp%2Fv2%2Fmedia&parent=395"}],"wp:term":[{"taxonomy":"product_brand","embeddable":true,"href":"https:\/\/cynchemical.com\/index.php?rest_route=%2Fwp%2Fv2%2Fproduct_brand&post=395"},{"taxonomy":"product_cat","embeddable":true,"href":"https:\/\/cynchemical.com\/index.php?rest_route=%2Fwp%2Fv2%2Fproduct_cat&post=395"},{"taxonomy":"product_tag","embeddable":true,"href":"https:\/\/cynchemical.com\/index.php?rest_route=%2Fwp%2Fv2%2Fproduct_tag&post=395"}],"curies":[{"name":"wp","href":"https:\/\/api.w.org\/{rel}","templated":true}]}}