{"id":388,"date":"2025-06-05T07:42:30","date_gmt":"2025-06-05T07:42:30","guid":{"rendered":"https:\/\/cynweb.erp-portal.vn\/?post_type=product&#038;p=388"},"modified":"2025-06-05T08:13:46","modified_gmt":"2025-06-05T08:13:46","slug":"oxide-kem-zno","status":"publish","type":"product","link":"https:\/\/cynchemical.com\/?product=oxide-kem-zno","title":{"rendered":"Oxide k\u1ebdm (ZnO)"},"content":{"rendered":"<ul>\n<li>\u0110a d\u1ea1ng l\u1ef1a ch\u1ecdn v\u1ec1 lo\u1ea1i ZnO ho\u1ea1t t\u00ednh, ZnO white seal, ZnO nanocomposite, &#8230; v\u00e0 \u0111a d\u1ea1ng l\u1ef1a ch\u1ecdn v\u1ec1 h\u00e0m l\u01b0\u1ee3ng ZnO<\/li>\n<li>K\u1ebft h\u1ee3p v\u1edbi acid stearic t\u1ea1o th\u00e0nh zinc stearate &#8211; k\u00edch ho\u1ea1t ph\u1ea3n \u1ee9ng l\u01b0u ho\u00e1 b\u1eb1ng l\u01b0u hu\u1ef3nh di\u1ec5n ra m\u1ea1nh m\u1ebd h\u01a1n<\/li>\n<li>Xu\u1ea5t x\u1ee9: Th\u00e1i Lan, \u1ea4n \u0110\u1ed9<\/li>\n<\/ul>\n","protected":false},"excerpt":{"rendered":"<p><strong>Ch\u1ea5t ho\u1ea1t ho\u00e1 l\u01b0u ho\u00e1<\/strong><\/p>\n","protected":false},"featured_media":407,"comment_status":"open","ping_status":"closed","template":"","meta":[],"product_brand":[],"product_cat":[36],"product_tag":[],"class_list":{"0":"post-388","1":"product","2":"type-product","3":"status-publish","4":"has-post-thumbnail","6":"product_cat-chat-hoat-hoa","8":"first","9":"instock","10":"shipping-taxable","11":"product-type-simple"},"_links":{"self":[{"href":"https:\/\/cynchemical.com\/index.php?rest_route=\/wp\/v2\/product\/388","targetHints":{"allow":["GET"]}}],"collection":[{"href":"https:\/\/cynchemical.com\/index.php?rest_route=\/wp\/v2\/product"}],"about":[{"href":"https:\/\/cynchemical.com\/index.php?rest_route=\/wp\/v2\/types\/product"}],"replies":[{"embeddable":true,"href":"https:\/\/cynchemical.com\/index.php?rest_route=%2Fwp%2Fv2%2Fcomments&post=388"}],"wp:featuredmedia":[{"embeddable":true,"href":"https:\/\/cynchemical.com\/index.php?rest_route=\/wp\/v2\/media\/407"}],"wp:attachment":[{"href":"https:\/\/cynchemical.com\/index.php?rest_route=%2Fwp%2Fv2%2Fmedia&parent=388"}],"wp:term":[{"taxonomy":"product_brand","embeddable":true,"href":"https:\/\/cynchemical.com\/index.php?rest_route=%2Fwp%2Fv2%2Fproduct_brand&post=388"},{"taxonomy":"product_cat","embeddable":true,"href":"https:\/\/cynchemical.com\/index.php?rest_route=%2Fwp%2Fv2%2Fproduct_cat&post=388"},{"taxonomy":"product_tag","embeddable":true,"href":"https:\/\/cynchemical.com\/index.php?rest_route=%2Fwp%2Fv2%2Fproduct_tag&post=388"}],"curies":[{"name":"wp","href":"https:\/\/api.w.org\/{rel}","templated":true}]}}