{"id":384,"date":"2025-06-05T07:36:30","date_gmt":"2025-06-05T07:36:30","guid":{"rendered":"https:\/\/cynweb.erp-portal.vn\/?post_type=product&#038;p=384"},"modified":"2025-06-05T07:36:41","modified_gmt":"2025-06-05T07:36:41","slug":"hmmm-ra-65","status":"publish","type":"product","link":"https:\/\/cynchemical.com\/?product=hmmm-ra-65","title":{"rendered":"HMMM (RA-65)"},"content":{"rendered":"<ul>\n<li>\u0110\u00f3ng vai tr\u00f2 l\u00e0 ch\u1ea5t cho methylene, k\u1ebft h\u1ee3p v\u1edbi ch\u1ea5t nh\u1eadn methylene (phenol\/ resorcinol formaldehyde) \u0111\u1ec3 t\u0103ng s\u1ee9c d\u00ednh cao su &#8211; s\u1ee3i v\u1ea3i<\/li>\n<li>Xu\u1ea5t x\u1ee9: Trung Qu\u1ed1c<\/li>\n<\/ul>\n","protected":false},"excerpt":{"rendered":"<p><strong>H\u1ec7 t\u0103ng d\u00ednh cao su &#8211; s\u1ee3i v\u1ea3i<\/strong><\/p>\n","protected":false},"featured_media":385,"comment_status":"open","ping_status":"closed","template":"","meta":[],"product_brand":[],"product_cat":[37],"product_tag":[],"class_list":{"0":"post-384","1":"product","2":"type-product","3":"status-publish","4":"has-post-thumbnail","6":"product_cat-chat-ket-mach","8":"first","9":"instock","10":"shipping-taxable","11":"product-type-simple"},"_links":{"self":[{"href":"https:\/\/cynchemical.com\/index.php?rest_route=\/wp\/v2\/product\/384","targetHints":{"allow":["GET"]}}],"collection":[{"href":"https:\/\/cynchemical.com\/index.php?rest_route=\/wp\/v2\/product"}],"about":[{"href":"https:\/\/cynchemical.com\/index.php?rest_route=\/wp\/v2\/types\/product"}],"replies":[{"embeddable":true,"href":"https:\/\/cynchemical.com\/index.php?rest_route=%2Fwp%2Fv2%2Fcomments&post=384"}],"wp:featuredmedia":[{"embeddable":true,"href":"https:\/\/cynchemical.com\/index.php?rest_route=\/wp\/v2\/media\/385"}],"wp:attachment":[{"href":"https:\/\/cynchemical.com\/index.php?rest_route=%2Fwp%2Fv2%2Fmedia&parent=384"}],"wp:term":[{"taxonomy":"product_brand","embeddable":true,"href":"https:\/\/cynchemical.com\/index.php?rest_route=%2Fwp%2Fv2%2Fproduct_brand&post=384"},{"taxonomy":"product_cat","embeddable":true,"href":"https:\/\/cynchemical.com\/index.php?rest_route=%2Fwp%2Fv2%2Fproduct_cat&post=384"},{"taxonomy":"product_tag","embeddable":true,"href":"https:\/\/cynchemical.com\/index.php?rest_route=%2Fwp%2Fv2%2Fproduct_tag&post=384"}],"curies":[{"name":"wp","href":"https:\/\/api.w.org\/{rel}","templated":true}]}}