{"id":382,"date":"2025-06-05T07:28:22","date_gmt":"2025-06-05T07:28:22","guid":{"rendered":"https:\/\/cynweb.erp-portal.vn\/?post_type=product&#038;p=382"},"modified":"2025-06-05T07:28:23","modified_gmt":"2025-06-05T07:28:23","slug":"silane","status":"publish","type":"product","link":"https:\/\/cynchemical.com\/?product=silane","title":{"rendered":"Silane"},"content":{"rendered":"<ul>\n<li>Sulfur silane, d\u1ea1ng r\u1eafn ho\u1eb7c l\u1ecfng<\/li>\n<li>L\u00e0 &#8220;c\u1ea7u n\u1ed1i&#8221; gi\u1eefa silica v\u00e0 cao su, gi\u00fap t\u0103ng c\u01b0\u1eddng, t\u0103ng \u0111\u1ed9 kh\u00e1ng x\u00e9, gi\u1ea3m \u0111\u1ed9 m\u00e0i m\u00f2n, gi\u1ea3m \u0111\u1ed9 kh\u00e1ng l\u0103n, &#8230; cho cao su<\/li>\n<li>Xu\u1ea5t x\u1ee9: Trung Qu\u1ed1c<\/li>\n<\/ul>\n","protected":false},"excerpt":{"rendered":"<p><strong>H\u1ec7 gia c\u01b0\u1eddng v\u1edbi Silica<\/strong><\/p>\n","protected":false},"featured_media":383,"comment_status":"open","ping_status":"closed","template":"","meta":[],"product_brand":[],"product_cat":[37],"product_tag":[],"class_list":{"0":"post-382","1":"product","2":"type-product","3":"status-publish","4":"has-post-thumbnail","6":"product_cat-chat-ket-mach","8":"first","9":"instock","10":"shipping-taxable","11":"product-type-simple"},"_links":{"self":[{"href":"https:\/\/cynchemical.com\/index.php?rest_route=\/wp\/v2\/product\/382","targetHints":{"allow":["GET"]}}],"collection":[{"href":"https:\/\/cynchemical.com\/index.php?rest_route=\/wp\/v2\/product"}],"about":[{"href":"https:\/\/cynchemical.com\/index.php?rest_route=\/wp\/v2\/types\/product"}],"replies":[{"embeddable":true,"href":"https:\/\/cynchemical.com\/index.php?rest_route=%2Fwp%2Fv2%2Fcomments&post=382"}],"wp:featuredmedia":[{"embeddable":true,"href":"https:\/\/cynchemical.com\/index.php?rest_route=\/wp\/v2\/media\/383"}],"wp:attachment":[{"href":"https:\/\/cynchemical.com\/index.php?rest_route=%2Fwp%2Fv2%2Fmedia&parent=382"}],"wp:term":[{"taxonomy":"product_brand","embeddable":true,"href":"https:\/\/cynchemical.com\/index.php?rest_route=%2Fwp%2Fv2%2Fproduct_brand&post=382"},{"taxonomy":"product_cat","embeddable":true,"href":"https:\/\/cynchemical.com\/index.php?rest_route=%2Fwp%2Fv2%2Fproduct_cat&post=382"},{"taxonomy":"product_tag","embeddable":true,"href":"https:\/\/cynchemical.com\/index.php?rest_route=%2Fwp%2Fv2%2Fproduct_tag&post=382"}],"curies":[{"name":"wp","href":"https:\/\/api.w.org\/{rel}","templated":true}]}}