{"id":379,"date":"2025-06-05T07:11:18","date_gmt":"2025-06-05T07:11:18","guid":{"rendered":"https:\/\/cynweb.erp-portal.vn\/?post_type=product&#038;p=379"},"modified":"2025-06-05T07:11:42","modified_gmt":"2025-06-05T07:11:42","slug":"resorcinol-formaldehyde-resin","status":"publish","type":"product","link":"https:\/\/cynchemical.com\/?product=resorcinol-formaldehyde-resin","title":{"rendered":"Resorcinol Formaldehyde resin"},"content":{"rendered":"<ul>\n<li>Th\u00e0nh ph\u1ea7n ch\u00ednh l\u00e0 resorcinol formaldehyde \u0111\u01b0\u1ee3c styrene ho\u00e1<\/li>\n<li>\u0110\u00f3ng vai tr\u00f2 l\u00e0 ch\u1ea5t nh\u1eadn methylene trong h\u1ec7 t\u0103ng d\u00ednh v\u1edbi silica v\u00e0 ch\u1ea5t cho methylene (HMMM, HMT)<\/li>\n<li>C\u00f3 kh\u1ea3 n\u0103ng g\u00f3p ph\u1ea7n c\u1ea3i thi\u1ec7n m\u1ed9t s\u1ed1 t\u00ednh n\u0103ng c\u01a1 l\u00fd nh\u01b0 c\u01b0\u1eddng l\u1ef1c, \u0111\u1ed9 kh\u00e1ng x\u00e9 cho compound<\/li>\n<li>Xu\u1ea5t x\u1ee9: Trung Qu\u1ed1c<\/li>\n<\/ul>\n","protected":false},"excerpt":{"rendered":"<p><strong>T\u0103ng s\u1ee9c d\u00ednh cao su &#8211; cao su\/ s\u1ee3i th\u00e9p\/ s\u1ee3i v\u1ea3i<\/strong><\/p>\n","protected":false},"featured_media":380,"comment_status":"open","ping_status":"closed","template":"","meta":[],"product_brand":[],"product_cat":[34],"product_tag":[],"class_list":{"0":"post-379","1":"product","2":"type-product","3":"status-publish","4":"has-post-thumbnail","6":"product_cat-resin","8":"first","9":"instock","10":"shipping-taxable","11":"product-type-simple"},"_links":{"self":[{"href":"https:\/\/cynchemical.com\/index.php?rest_route=\/wp\/v2\/product\/379","targetHints":{"allow":["GET"]}}],"collection":[{"href":"https:\/\/cynchemical.com\/index.php?rest_route=\/wp\/v2\/product"}],"about":[{"href":"https:\/\/cynchemical.com\/index.php?rest_route=\/wp\/v2\/types\/product"}],"replies":[{"embeddable":true,"href":"https:\/\/cynchemical.com\/index.php?rest_route=%2Fwp%2Fv2%2Fcomments&post=379"}],"wp:featuredmedia":[{"embeddable":true,"href":"https:\/\/cynchemical.com\/index.php?rest_route=\/wp\/v2\/media\/380"}],"wp:attachment":[{"href":"https:\/\/cynchemical.com\/index.php?rest_route=%2Fwp%2Fv2%2Fmedia&parent=379"}],"wp:term":[{"taxonomy":"product_brand","embeddable":true,"href":"https:\/\/cynchemical.com\/index.php?rest_route=%2Fwp%2Fv2%2Fproduct_brand&post=379"},{"taxonomy":"product_cat","embeddable":true,"href":"https:\/\/cynchemical.com\/index.php?rest_route=%2Fwp%2Fv2%2Fproduct_cat&post=379"},{"taxonomy":"product_tag","embeddable":true,"href":"https:\/\/cynchemical.com\/index.php?rest_route=%2Fwp%2Fv2%2Fproduct_tag&post=379"}],"curies":[{"name":"wp","href":"https:\/\/api.w.org\/{rel}","templated":true}]}}