{"id":369,"date":"2025-06-05T06:48:33","date_gmt":"2025-06-05T06:48:33","guid":{"rendered":"https:\/\/cynweb.erp-portal.vn\/?post_type=product&#038;p=369"},"modified":"2025-06-05T06:48:34","modified_gmt":"2025-06-05T06:48:34","slug":"chat-thoat-khuon-noi","status":"publish","type":"product","link":"https:\/\/cynchemical.com\/?product=chat-thoat-khuon-noi","title":{"rendered":"Ch\u1ea5t tho\u00e1t khu\u00f4n n\u1ed9i"},"content":{"rendered":"<ul>\n<li>Khi th\u00eam v\u00e0o h\u1ed7n h\u1ee3p cao su \u1edf h\u00e0m l\u01b0\u1ee3ng \u0111\u01b0\u1ee3c khuy\u1ebfn ngh\u1ecb, n\u00f3 \u0111em l\u1ea1i hi\u1ec7u qu\u1ea3 tho\u00e1t khu\u00f4n xu\u1ea5t s\u1eafc cho s\u1ea3n ph\u1ea9m cao su sau l\u01b0u ho\u00e1, \u0111\u1ea3m b\u1ea3o b\u1ec1 m\u1eb7t ngo\u1ea1i quan b\u00f3ng \u0111\u1eb9p cho s\u1ea3n ph\u1ea9m v\u00e0 gi\u1eef cho khu\u00f4n s\u1ea1ch s\u1ebd<\/li>\n<li>H\u1ed7 tr\u1ee3 d\u00f2ng ch\u1ea3y cao su, h\u1ed7 tr\u1ee3 ph\u00e2n t\u00e1n c\u00e1c th\u00e0nh ph\u1ea7n ph\u1ee5 gia, ch\u1ea5t \u0111\u1ed9n<\/li>\n<li>Ngo\u00e0i ra c\u00f2n c\u00f3 th\u1ec3 ch\u1ed1ng d\u00ednh cao su v\u00e0o rotor trong m\u00e1y luy\u1ec7n k\u00edn v\u00e0 ch\u1ed1ng d\u00ednh tr\u1ee5c m\u00e1y luy\u1ec7n h\u1edf<\/li>\n<li>Xu\u1ea5t x\u1ee9: Trung Qu\u1ed1c<\/li>\n<\/ul>\n","protected":false},"excerpt":{"rendered":"<p><strong>Ph\u1ee5 gia h\u1ed7 tr\u1ee3 tho\u00e1t khu\u00f4n cho s\u1ea3n ph\u1ea9m cao su<\/strong><\/p>\n","protected":false},"featured_media":370,"comment_status":"open","ping_status":"closed","template":"","meta":[],"product_brand":[],"product_cat":[35],"product_tag":[],"class_list":{"0":"post-369","1":"product","2":"type-product","3":"status-publish","4":"has-post-thumbnail","6":"product_cat-chat-tro-gia-cong","8":"first","9":"instock","10":"shipping-taxable","11":"product-type-simple"},"_links":{"self":[{"href":"https:\/\/cynchemical.com\/index.php?rest_route=\/wp\/v2\/product\/369","targetHints":{"allow":["GET"]}}],"collection":[{"href":"https:\/\/cynchemical.com\/index.php?rest_route=\/wp\/v2\/product"}],"about":[{"href":"https:\/\/cynchemical.com\/index.php?rest_route=\/wp\/v2\/types\/product"}],"replies":[{"embeddable":true,"href":"https:\/\/cynchemical.com\/index.php?rest_route=%2Fwp%2Fv2%2Fcomments&post=369"}],"wp:featuredmedia":[{"embeddable":true,"href":"https:\/\/cynchemical.com\/index.php?rest_route=\/wp\/v2\/media\/370"}],"wp:attachment":[{"href":"https:\/\/cynchemical.com\/index.php?rest_route=%2Fwp%2Fv2%2Fmedia&parent=369"}],"wp:term":[{"taxonomy":"product_brand","embeddable":true,"href":"https:\/\/cynchemical.com\/index.php?rest_route=%2Fwp%2Fv2%2Fproduct_brand&post=369"},{"taxonomy":"product_cat","embeddable":true,"href":"https:\/\/cynchemical.com\/index.php?rest_route=%2Fwp%2Fv2%2Fproduct_cat&post=369"},{"taxonomy":"product_tag","embeddable":true,"href":"https:\/\/cynchemical.com\/index.php?rest_route=%2Fwp%2Fv2%2Fproduct_tag&post=369"}],"curies":[{"name":"wp","href":"https:\/\/api.w.org\/{rel}","templated":true}]}}