{"id":367,"date":"2025-06-05T06:41:51","date_gmt":"2025-06-05T06:41:51","guid":{"rendered":"https:\/\/cynweb.erp-portal.vn\/?post_type=product&#038;p=367"},"modified":"2025-06-05T06:41:52","modified_gmt":"2025-06-05T06:41:52","slug":"peptizer","status":"publish","type":"product","link":"https:\/\/cynchemical.com\/?product=peptizer","title":{"rendered":"Peptizer"},"content":{"rendered":"<ul>\n<li>Ph\u00e1 v\u1ee1 m\u1ea1ch cao su, gi\u00fap gi\u1ea3m \u0111\u1ed9 nh\u1edbt nhanh ch\u00f3ng<\/li>\n<li>Ph\u00f9 h\u1ee3p cho cao su thi\u00ean nhi\u00ean v\u00e0 cao su SBR<\/li>\n<li>Xu\u1ea5t x\u1ee9: Trung Qu\u1ed1c<\/li>\n<\/ul>\n","protected":false},"excerpt":{"rendered":"<p><strong>Ch\u1ea5t c\u1eaft m\u1ea1ch ho\u00e1 h\u1ecdc<\/strong><\/p>\n","protected":false},"featured_media":368,"comment_status":"open","ping_status":"closed","template":"","meta":[],"product_brand":[],"product_cat":[35],"product_tag":[],"class_list":{"0":"post-367","1":"product","2":"type-product","3":"status-publish","4":"has-post-thumbnail","6":"product_cat-chat-tro-gia-cong","8":"first","9":"instock","10":"shipping-taxable","11":"product-type-simple"},"_links":{"self":[{"href":"https:\/\/cynchemical.com\/index.php?rest_route=\/wp\/v2\/product\/367","targetHints":{"allow":["GET"]}}],"collection":[{"href":"https:\/\/cynchemical.com\/index.php?rest_route=\/wp\/v2\/product"}],"about":[{"href":"https:\/\/cynchemical.com\/index.php?rest_route=\/wp\/v2\/types\/product"}],"replies":[{"embeddable":true,"href":"https:\/\/cynchemical.com\/index.php?rest_route=%2Fwp%2Fv2%2Fcomments&post=367"}],"wp:featuredmedia":[{"embeddable":true,"href":"https:\/\/cynchemical.com\/index.php?rest_route=\/wp\/v2\/media\/368"}],"wp:attachment":[{"href":"https:\/\/cynchemical.com\/index.php?rest_route=%2Fwp%2Fv2%2Fmedia&parent=367"}],"wp:term":[{"taxonomy":"product_brand","embeddable":true,"href":"https:\/\/cynchemical.com\/index.php?rest_route=%2Fwp%2Fv2%2Fproduct_brand&post=367"},{"taxonomy":"product_cat","embeddable":true,"href":"https:\/\/cynchemical.com\/index.php?rest_route=%2Fwp%2Fv2%2Fproduct_cat&post=367"},{"taxonomy":"product_tag","embeddable":true,"href":"https:\/\/cynchemical.com\/index.php?rest_route=%2Fwp%2Fv2%2Fproduct_tag&post=367"}],"curies":[{"name":"wp","href":"https:\/\/api.w.org\/{rel}","templated":true}]}}