{"id":365,"date":"2025-06-05T06:40:05","date_gmt":"2025-06-05T06:40:05","guid":{"rendered":"https:\/\/cynweb.erp-portal.vn\/?post_type=product&#038;p=365"},"modified":"2025-06-05T06:40:07","modified_gmt":"2025-06-05T06:40:07","slug":"chat-dong-nhat-hoa","status":"publish","type":"product","link":"https:\/\/cynchemical.com\/?product=chat-dong-nhat-hoa","title":{"rendered":"Ch\u1ea5t \u0111\u1ed3ng nh\u1ea5t ho\u00e1"},"content":{"rendered":"<ul>\n<li>T\u0103ng s\u1ef1 t\u01b0\u01a1ng h\u1ee3p gi\u1eefa c\u00e1c lo\u1ea1i cao su c\u00f3 \u0111\u1ed9 nh\u1edbt v\u00e0 \u0111\u1ed9 ph\u00e2n c\u1ef1c kh\u00e1c nhau<\/li>\n<li>Gi\u1ea3m \u0111\u1ed9 nh\u1edbt cho cao su, h\u1ed7 tr\u1ee3 s\u1ef1 ph\u00e2n t\u00e1n c\u1ee7a ch\u1ea5t \u0111\u1ed9n (\u0111\u1eb7c bi\u1ec7t l\u00e0 than \u0111en) v\u00e0 c\u00e1c th\u00e0nh ph\u1ea7n ho\u00e1 ch\u1ea5t kh\u00e1c<\/li>\n<li>Xu\u1ea5t x\u1ee9: Trung Qu\u1ed1c<\/li>\n<\/ul>\n","protected":false},"excerpt":{"rendered":"<p><strong>T\u0103ng \u0111\u1ed9 \u0111\u1ed3ng nh\u1ea5t cho h\u1ed7n h\u1ee3p nhi\u1ec1u lo\u1ea1i cao su<\/strong><\/p>\n","protected":false},"featured_media":366,"comment_status":"open","ping_status":"closed","template":"","meta":[],"product_brand":[],"product_cat":[35],"product_tag":[],"class_list":{"0":"post-365","1":"product","2":"type-product","3":"status-publish","4":"has-post-thumbnail","6":"product_cat-chat-tro-gia-cong","8":"first","9":"instock","10":"shipping-taxable","11":"product-type-simple"},"_links":{"self":[{"href":"https:\/\/cynchemical.com\/index.php?rest_route=\/wp\/v2\/product\/365","targetHints":{"allow":["GET"]}}],"collection":[{"href":"https:\/\/cynchemical.com\/index.php?rest_route=\/wp\/v2\/product"}],"about":[{"href":"https:\/\/cynchemical.com\/index.php?rest_route=\/wp\/v2\/types\/product"}],"replies":[{"embeddable":true,"href":"https:\/\/cynchemical.com\/index.php?rest_route=%2Fwp%2Fv2%2Fcomments&post=365"}],"wp:featuredmedia":[{"embeddable":true,"href":"https:\/\/cynchemical.com\/index.php?rest_route=\/wp\/v2\/media\/366"}],"wp:attachment":[{"href":"https:\/\/cynchemical.com\/index.php?rest_route=%2Fwp%2Fv2%2Fmedia&parent=365"}],"wp:term":[{"taxonomy":"product_brand","embeddable":true,"href":"https:\/\/cynchemical.com\/index.php?rest_route=%2Fwp%2Fv2%2Fproduct_brand&post=365"},{"taxonomy":"product_cat","embeddable":true,"href":"https:\/\/cynchemical.com\/index.php?rest_route=%2Fwp%2Fv2%2Fproduct_cat&post=365"},{"taxonomy":"product_tag","embeddable":true,"href":"https:\/\/cynchemical.com\/index.php?rest_route=%2Fwp%2Fv2%2Fproduct_tag&post=365"}],"curies":[{"name":"wp","href":"https:\/\/api.w.org\/{rel}","templated":true}]}}