{"id":363,"date":"2025-06-05T06:33:03","date_gmt":"2025-06-05T06:33:03","guid":{"rendered":"https:\/\/cynweb.erp-portal.vn\/?post_type=product&#038;p=363"},"modified":"2025-06-05T06:33:04","modified_gmt":"2025-06-05T06:33:04","slug":"chat-tro-phan-tan","status":"publish","type":"product","link":"https:\/\/cynchemical.com\/?product=chat-tro-phan-tan","title":{"rendered":"Ch\u1ea5t tr\u1ee3 ph\u00e2n t\u00e1n"},"content":{"rendered":"<ul>\n<li>D\u1ea1ng h\u1ea1t m\u00e0u s\u00e1ng<\/li>\n<li>Gi\u00fap ph\u00e2n t\u00e1n ch\u1ea5t \u0111\u1ed9n v\u00e0 c\u00e1c th\u00e0nh ph\u1ea7n ph\u1ee5 gia ho\u00e1 ch\u1ea5t v\u00e0o h\u1ed7n h\u1ee3p cao, t\u0103ng hi\u1ec7u qu\u1ea3 v\u00e0 r\u00fat ng\u1eafn th\u1eddi gian luy\u1ec7n<\/li>\n<li>\u0110\u1ed3ng th\u1eddi gi\u00fap gi\u1ea3m \u0111\u1ed9 nh\u1edbt, h\u1ed7 tr\u1ee3 d\u00f2ng ch\u1ea3y cao su, t\u1ea1o \u0111i\u1ec1u ki\u1ec7n thu\u1eadn l\u1ee3i cho c\u00e1c qu\u00e1 tr\u00ecnh gia c\u00f4ng ti\u1ebfp theo<\/li>\n<li>Xu\u1ea5t x\u1ee9: Trung Qu\u1ed1c<\/li>\n<\/ul>\n","protected":false},"excerpt":{"rendered":"<p><strong>H\u1ed7 tr\u1ee3 ph\u00e2n t\u00e1n ch\u1ea5t \u0111\u1ed9n, ph\u1ee5 gia v\u00e0o cao su<\/strong><\/p>\n","protected":false},"featured_media":364,"comment_status":"open","ping_status":"closed","template":"","meta":[],"product_brand":[],"product_cat":[35],"product_tag":[],"class_list":{"0":"post-363","1":"product","2":"type-product","3":"status-publish","4":"has-post-thumbnail","6":"product_cat-chat-tro-gia-cong","8":"first","9":"instock","10":"shipping-taxable","11":"product-type-simple"},"_links":{"self":[{"href":"https:\/\/cynchemical.com\/index.php?rest_route=\/wp\/v2\/product\/363","targetHints":{"allow":["GET"]}}],"collection":[{"href":"https:\/\/cynchemical.com\/index.php?rest_route=\/wp\/v2\/product"}],"about":[{"href":"https:\/\/cynchemical.com\/index.php?rest_route=\/wp\/v2\/types\/product"}],"replies":[{"embeddable":true,"href":"https:\/\/cynchemical.com\/index.php?rest_route=%2Fwp%2Fv2%2Fcomments&post=363"}],"wp:featuredmedia":[{"embeddable":true,"href":"https:\/\/cynchemical.com\/index.php?rest_route=\/wp\/v2\/media\/364"}],"wp:attachment":[{"href":"https:\/\/cynchemical.com\/index.php?rest_route=%2Fwp%2Fv2%2Fmedia&parent=363"}],"wp:term":[{"taxonomy":"product_brand","embeddable":true,"href":"https:\/\/cynchemical.com\/index.php?rest_route=%2Fwp%2Fv2%2Fproduct_brand&post=363"},{"taxonomy":"product_cat","embeddable":true,"href":"https:\/\/cynchemical.com\/index.php?rest_route=%2Fwp%2Fv2%2Fproduct_cat&post=363"},{"taxonomy":"product_tag","embeddable":true,"href":"https:\/\/cynchemical.com\/index.php?rest_route=%2Fwp%2Fv2%2Fproduct_tag&post=363"}],"curies":[{"name":"wp","href":"https:\/\/api.w.org\/{rel}","templated":true}]}}