{"id":283,"date":"2025-05-16T03:57:15","date_gmt":"2025-05-16T03:57:15","guid":{"rendered":"https:\/\/cynweb.erp-portal.vn\/?post_type=product&#038;p=283"},"modified":"2025-06-03T09:32:03","modified_gmt":"2025-06-03T09:32:03","slug":"tmq","status":"publish","type":"product","link":"https:\/\/cynchemical.com\/?product=tmq","title":{"rendered":"TMQ"},"content":{"rendered":"<ul>\n<li>D\u1ea1ng h\u1ea1t m\u00e0u n\u00e2u h\u1ed5 ph\u00e1ch<\/li>\n<li>Kh\u00e1ng l\u00e3o ho\u00e1 do nhi\u1ec7t \u0111\u1ed9 cao r\u1ea5t t\u1ed1t<\/li>\n<li>\u0110\u1ed3ng th\u1eddi h\u1ed7 tr\u1ee3 kh\u00e1ng oxy ho\u00e1 v\u00e0 kh\u00e1ng d\u1eadp n\u1ee9t<\/li>\n<li>N\u01a1i s\u1ea3n xu\u1ea5t: Trung Qu\u1ed1c<\/li>\n<\/ul>\n","protected":false},"excerpt":{"rendered":"<p><strong>Kh\u00e1ng l\u00e3o ho\u00e1 nhi\u1ec7t<\/strong><\/p>\n","protected":false},"featured_media":353,"comment_status":"open","ping_status":"closed","template":"","meta":[],"product_brand":[],"product_cat":[33],"product_tag":[],"class_list":{"0":"post-283","1":"product","2":"type-product","3":"status-publish","4":"has-post-thumbnail","6":"product_cat-chat-phong-lao","8":"first","9":"instock","10":"shipping-taxable","11":"product-type-simple"},"_links":{"self":[{"href":"https:\/\/cynchemical.com\/index.php?rest_route=\/wp\/v2\/product\/283","targetHints":{"allow":["GET"]}}],"collection":[{"href":"https:\/\/cynchemical.com\/index.php?rest_route=\/wp\/v2\/product"}],"about":[{"href":"https:\/\/cynchemical.com\/index.php?rest_route=\/wp\/v2\/types\/product"}],"replies":[{"embeddable":true,"href":"https:\/\/cynchemical.com\/index.php?rest_route=%2Fwp%2Fv2%2Fcomments&post=283"}],"wp:featuredmedia":[{"embeddable":true,"href":"https:\/\/cynchemical.com\/index.php?rest_route=\/wp\/v2\/media\/353"}],"wp:attachment":[{"href":"https:\/\/cynchemical.com\/index.php?rest_route=%2Fwp%2Fv2%2Fmedia&parent=283"}],"wp:term":[{"taxonomy":"product_brand","embeddable":true,"href":"https:\/\/cynchemical.com\/index.php?rest_route=%2Fwp%2Fv2%2Fproduct_brand&post=283"},{"taxonomy":"product_cat","embeddable":true,"href":"https:\/\/cynchemical.com\/index.php?rest_route=%2Fwp%2Fv2%2Fproduct_cat&post=283"},{"taxonomy":"product_tag","embeddable":true,"href":"https:\/\/cynchemical.com\/index.php?rest_route=%2Fwp%2Fv2%2Fproduct_tag&post=283"}],"curies":[{"name":"wp","href":"https:\/\/api.w.org\/{rel}","templated":true}]}}