{"id":279,"date":"2025-05-16T03:51:27","date_gmt":"2025-05-16T03:51:27","guid":{"rendered":"https:\/\/cynweb.erp-portal.vn\/?post_type=product&#038;p=279"},"modified":"2025-06-03T09:21:00","modified_gmt":"2025-06-03T09:21:00","slug":"dtpd","status":"publish","type":"product","link":"https:\/\/cynchemical.com\/?product=dtpd","title":{"rendered":"DTPD"},"content":{"rendered":"<ul>\n<li>D\u1ea1ng h\u1ea1t m\u00e0u \u0111en x\u00e1m<\/li>\n<li>Kh\u1ea3 n\u0103ng kh\u00e1ng oxy ho\u00e1, kh\u00e1ng ozone, kh\u00e1ng d\u1eadp n\u1ee9t t\u1ed1t<\/li>\n<li>N\u01a1i s\u1ea3n xu\u1ea5t: Trung Qu\u1ed1c<\/li>\n<\/ul>\n","protected":false},"excerpt":{"rendered":"<p><strong>Ch\u1ea5t ch\u1ed1ng oxy ho\u00e1<\/strong><\/p>\n","protected":false},"featured_media":350,"comment_status":"open","ping_status":"closed","template":"","meta":[],"product_brand":[],"product_cat":[33],"product_tag":[],"class_list":{"0":"post-279","1":"product","2":"type-product","3":"status-publish","4":"has-post-thumbnail","6":"product_cat-chat-phong-lao","8":"first","9":"instock","10":"shipping-taxable","11":"product-type-simple"},"_links":{"self":[{"href":"https:\/\/cynchemical.com\/index.php?rest_route=\/wp\/v2\/product\/279","targetHints":{"allow":["GET"]}}],"collection":[{"href":"https:\/\/cynchemical.com\/index.php?rest_route=\/wp\/v2\/product"}],"about":[{"href":"https:\/\/cynchemical.com\/index.php?rest_route=\/wp\/v2\/types\/product"}],"replies":[{"embeddable":true,"href":"https:\/\/cynchemical.com\/index.php?rest_route=%2Fwp%2Fv2%2Fcomments&post=279"}],"wp:featuredmedia":[{"embeddable":true,"href":"https:\/\/cynchemical.com\/index.php?rest_route=\/wp\/v2\/media\/350"}],"wp:attachment":[{"href":"https:\/\/cynchemical.com\/index.php?rest_route=%2Fwp%2Fv2%2Fmedia&parent=279"}],"wp:term":[{"taxonomy":"product_brand","embeddable":true,"href":"https:\/\/cynchemical.com\/index.php?rest_route=%2Fwp%2Fv2%2Fproduct_brand&post=279"},{"taxonomy":"product_cat","embeddable":true,"href":"https:\/\/cynchemical.com\/index.php?rest_route=%2Fwp%2Fv2%2Fproduct_cat&post=279"},{"taxonomy":"product_tag","embeddable":true,"href":"https:\/\/cynchemical.com\/index.php?rest_route=%2Fwp%2Fv2%2Fproduct_tag&post=279"}],"curies":[{"name":"wp","href":"https:\/\/api.w.org\/{rel}","templated":true}]}}