{"id":277,"date":"2025-05-16T03:49:44","date_gmt":"2025-05-16T03:49:44","guid":{"rendered":"https:\/\/cynweb.erp-portal.vn\/?post_type=product&#038;p=277"},"modified":"2025-06-03T09:20:37","modified_gmt":"2025-06-03T09:20:37","slug":"6ppd","status":"publish","type":"product","link":"https:\/\/cynchemical.com\/?product=6ppd","title":{"rendered":"6PPD"},"content":{"rendered":"<ul>\n<li>D\u1ea1ng h\u1ea1t m\u00e0u n\u00e2u t\u00edm<\/li>\n<li>Kh\u1ea3 n\u0103ng kh\u00e1ng oxy ho\u00e1 xu\u1ea5t s\u1eafc<\/li>\n<li>\u0110\u1ed3ng tr\u1ee3 h\u1ed7 tr\u1ee3 kh\u00e1ng ozone, kh\u00e1ng d\u1eadp n\u1ee9t t\u1ed1t<\/li>\n<li>N\u01a1i s\u1ea3n xu\u1ea5t: Trung Qu\u1ed1c<\/li>\n<\/ul>\n","protected":false},"excerpt":{"rendered":"<p><strong>Ch\u1ea5t ch\u1ed1ng oxy ho\u00e1<\/strong><\/p>\n","protected":false},"featured_media":349,"comment_status":"open","ping_status":"closed","template":"","meta":[],"product_brand":[],"product_cat":[33],"product_tag":[],"class_list":{"0":"post-277","1":"product","2":"type-product","3":"status-publish","4":"has-post-thumbnail","6":"product_cat-chat-phong-lao","8":"first","9":"instock","10":"shipping-taxable","11":"product-type-simple"},"_links":{"self":[{"href":"https:\/\/cynchemical.com\/index.php?rest_route=\/wp\/v2\/product\/277","targetHints":{"allow":["GET"]}}],"collection":[{"href":"https:\/\/cynchemical.com\/index.php?rest_route=\/wp\/v2\/product"}],"about":[{"href":"https:\/\/cynchemical.com\/index.php?rest_route=\/wp\/v2\/types\/product"}],"replies":[{"embeddable":true,"href":"https:\/\/cynchemical.com\/index.php?rest_route=%2Fwp%2Fv2%2Fcomments&post=277"}],"wp:featuredmedia":[{"embeddable":true,"href":"https:\/\/cynchemical.com\/index.php?rest_route=\/wp\/v2\/media\/349"}],"wp:attachment":[{"href":"https:\/\/cynchemical.com\/index.php?rest_route=%2Fwp%2Fv2%2Fmedia&parent=277"}],"wp:term":[{"taxonomy":"product_brand","embeddable":true,"href":"https:\/\/cynchemical.com\/index.php?rest_route=%2Fwp%2Fv2%2Fproduct_brand&post=277"},{"taxonomy":"product_cat","embeddable":true,"href":"https:\/\/cynchemical.com\/index.php?rest_route=%2Fwp%2Fv2%2Fproduct_cat&post=277"},{"taxonomy":"product_tag","embeddable":true,"href":"https:\/\/cynchemical.com\/index.php?rest_route=%2Fwp%2Fv2%2Fproduct_tag&post=277"}],"curies":[{"name":"wp","href":"https:\/\/api.w.org\/{rel}","templated":true}]}}