{"id":274,"date":"2025-05-16T03:41:26","date_gmt":"2025-05-16T03:41:26","guid":{"rendered":"https:\/\/cynweb.erp-portal.vn\/?post_type=product&#038;p=274"},"modified":"2025-06-03T09:20:13","modified_gmt":"2025-06-03T09:20:13","slug":"caco3-hoat-hoa","status":"publish","type":"product","link":"https:\/\/cynchemical.com\/?product=caco3-hoat-hoa","title":{"rendered":"CaCO3 ho\u1ea1t ho\u00e1"},"content":{"rendered":"<ul>\n<li>C\u00f3 th\u1ec3 thay th\u1ebf m\u1ed9t ph\u1ea7n cho than \u0111en, gi\u00fap gi\u1ea3m gi\u00e1 th\u00e0nh<\/li>\n<li>C\u1ea3i thi\u1ec7n c\u00e1c t\u00ednh n\u0103ng c\u01a1 l\u00fd nh\u01b0 l\u00e3o ho\u00e1 nhi\u1ec7t, \u0111\u1ed9 k\u00edn kh\u00ed, &#8230;<\/li>\n<li>N\u01a1i s\u1ea3n xu\u1ea5t: Trung Qu\u1ed1c<\/li>\n<\/ul>\n","protected":false},"excerpt":{"rendered":"<p><strong>Ch\u1ea5t \u0111\u1ed9n b\u00e1n gia c\u01b0\u1eddng \u0111\u1eb7c bi\u1ec7t cho l\u1ed1p Radial<\/strong><\/p>\n","protected":false},"featured_media":348,"comment_status":"open","ping_status":"closed","template":"","meta":[],"product_brand":[],"product_cat":[31],"product_tag":[],"class_list":{"0":"post-274","1":"product","2":"type-product","3":"status-publish","4":"has-post-thumbnail","6":"product_cat-chat-don-gia-cuong","8":"first","9":"instock","10":"shipping-taxable","11":"product-type-simple"},"_links":{"self":[{"href":"https:\/\/cynchemical.com\/index.php?rest_route=\/wp\/v2\/product\/274","targetHints":{"allow":["GET"]}}],"collection":[{"href":"https:\/\/cynchemical.com\/index.php?rest_route=\/wp\/v2\/product"}],"about":[{"href":"https:\/\/cynchemical.com\/index.php?rest_route=\/wp\/v2\/types\/product"}],"replies":[{"embeddable":true,"href":"https:\/\/cynchemical.com\/index.php?rest_route=%2Fwp%2Fv2%2Fcomments&post=274"}],"wp:featuredmedia":[{"embeddable":true,"href":"https:\/\/cynchemical.com\/index.php?rest_route=\/wp\/v2\/media\/348"}],"wp:attachment":[{"href":"https:\/\/cynchemical.com\/index.php?rest_route=%2Fwp%2Fv2%2Fmedia&parent=274"}],"wp:term":[{"taxonomy":"product_brand","embeddable":true,"href":"https:\/\/cynchemical.com\/index.php?rest_route=%2Fwp%2Fv2%2Fproduct_brand&post=274"},{"taxonomy":"product_cat","embeddable":true,"href":"https:\/\/cynchemical.com\/index.php?rest_route=%2Fwp%2Fv2%2Fproduct_cat&post=274"},{"taxonomy":"product_tag","embeddable":true,"href":"https:\/\/cynchemical.com\/index.php?rest_route=%2Fwp%2Fv2%2Fproduct_tag&post=274"}],"curies":[{"name":"wp","href":"https:\/\/api.w.org\/{rel}","templated":true}]}}