{"id":268,"date":"2025-05-16T03:29:16","date_gmt":"2025-05-16T03:29:16","guid":{"rendered":"https:\/\/cynweb.erp-portal.vn\/?post_type=product&#038;p=268"},"modified":"2025-06-03T09:19:02","modified_gmt":"2025-06-03T09:19:02","slug":"than-den","status":"publish","type":"product","link":"https:\/\/cynchemical.com\/?product=than-den","title":{"rendered":"Than \u0111en"},"content":{"rendered":"<ul>\n<li>\u0110\u1ea7y \u0111\u1ee7 c\u00e1c m\u00e3 than \u0111en theo ti\u00eau chu\u1ea9n qu\u1ed1c t\u1ebf ASTM N2, N3, N5, N6, &#8230;<\/li>\n<li>C\u1ea3i thi\u1ec7n \u0111\u1ed9 c\u1ee9ng, c\u01b0\u1eddng l\u1ef1c, \u0111\u1ed9 kh\u00e1ng x\u00e9, &#8230; cho compound<\/li>\n<li>N\u01a1i s\u1ea3n xu\u1ea5t: Trung Qu\u1ed1c, Nga<\/li>\n<\/ul>\n","protected":false},"excerpt":{"rendered":"<p><strong>C\u1ea3i thi\u1ec7n c\u00e1c t\u00ednh n\u0103ng c\u01a1 l\u00fd cho cao su<\/strong><\/p>\n","protected":false},"featured_media":345,"comment_status":"open","ping_status":"closed","template":"","meta":[],"product_brand":[],"product_cat":[31],"product_tag":[],"class_list":{"0":"post-268","1":"product","2":"type-product","3":"status-publish","4":"has-post-thumbnail","6":"product_cat-chat-don-gia-cuong","8":"first","9":"instock","10":"shipping-taxable","11":"product-type-simple"},"_links":{"self":[{"href":"https:\/\/cynchemical.com\/index.php?rest_route=\/wp\/v2\/product\/268","targetHints":{"allow":["GET"]}}],"collection":[{"href":"https:\/\/cynchemical.com\/index.php?rest_route=\/wp\/v2\/product"}],"about":[{"href":"https:\/\/cynchemical.com\/index.php?rest_route=\/wp\/v2\/types\/product"}],"replies":[{"embeddable":true,"href":"https:\/\/cynchemical.com\/index.php?rest_route=%2Fwp%2Fv2%2Fcomments&post=268"}],"wp:featuredmedia":[{"embeddable":true,"href":"https:\/\/cynchemical.com\/index.php?rest_route=\/wp\/v2\/media\/345"}],"wp:attachment":[{"href":"https:\/\/cynchemical.com\/index.php?rest_route=%2Fwp%2Fv2%2Fmedia&parent=268"}],"wp:term":[{"taxonomy":"product_brand","embeddable":true,"href":"https:\/\/cynchemical.com\/index.php?rest_route=%2Fwp%2Fv2%2Fproduct_brand&post=268"},{"taxonomy":"product_cat","embeddable":true,"href":"https:\/\/cynchemical.com\/index.php?rest_route=%2Fwp%2Fv2%2Fproduct_cat&post=268"},{"taxonomy":"product_tag","embeddable":true,"href":"https:\/\/cynchemical.com\/index.php?rest_route=%2Fwp%2Fv2%2Fproduct_tag&post=268"}],"curies":[{"name":"wp","href":"https:\/\/api.w.org\/{rel}","templated":true}]}}